{"id":360,"date":"2022-02-03T23:54:04","date_gmt":"2022-02-03T21:54:04","guid":{"rendered":"https:\/\/cryptogamingarea.com\/?page_id=360"},"modified":"2022-03-04T16:20:27","modified_gmt":"2022-03-04T14:20:27","slug":"contact","status":"publish","type":"page","link":"https:\/\/cryptogamingarea.com\/en\/contact\/","title":{"rendered":"Contact Us"},"content":{"rendered":"<p>If you would like to contact the CGA team to...<\/p>\n\n\n\n<ul><li>pitch us your video game project, \ud83d\udd79<\/li><li>develop a partnership with us, \ud83e\udd1d<\/li><li>find a job as a writer in crypto video games, \ud83d\udd8a<\/li><li>Tell us you like what you read here (or not \ud83d\ude05 ), \ud83d\udc9c<\/li><li>Have a drink with the team \ud83d\ude1c ? \ud83c\udf79<\/li><\/ul>\n\n\n\n<p>...Well, feel free to fill out this form. \u2b07\ufe0f <\/p>\n\n\n<div class=\"wpforms-container wpforms-container-full wpforms-block\" id=\"wpforms-707\"><form id=\"wpforms-form-707\" class=\"wpforms-validate wpforms-form wpforms-ajax-form\" data-formid=\"707\" method=\"post\" enctype=\"multipart\/form-data\" action=\"\/en\/wp-json\/wp\/v2\/pages\/360\" data-token=\"f08896029c97cb66eaf46273aad05515\" data-token-time=\"1775277510\" data-trp-original-action=\"\/en\/wp-json\/wp\/v2\/pages\/360\"><noscript class=\"wpforms-error-noscript\">Please enable JavaScript in your browser to complete this form.<\/noscript><div class=\"wpforms-field-container\"><div id=\"wpforms-707-field_0-container\" class=\"wpforms-field wpforms-field-name\" data-field-id=\"0\"><label class=\"wpforms-field-label\" for=\"wpforms-707-field_0\">First Name\/Last Name <span class=\"wpforms-required-label\">*<\/span><\/label><div class=\"wpforms-field-row wpforms-field-medium\"><div class=\"wpforms-field-row-block wpforms-first wpforms-one-half\"><input type=\"text\" id=\"wpforms-707-field_0\" class=\"wpforms-field-name-first wpforms-field-required\" name=\"wpforms[fields][0][first]\" required><label for=\"wpforms-707-field_0\" class=\"wpforms-field-sublabel after\">First<\/label><\/div><div class=\"wpforms-field-row-block wpforms-one-half\"><input type=\"text\" id=\"wpforms-707-field_0-last\" class=\"wpforms-field-name-last wpforms-field-required\" name=\"wpforms[fields][0][last]\" required><label for=\"wpforms-707-field_0-last\" class=\"wpforms-field-sublabel after\">Last<\/label><\/div><\/div><\/div><div id=\"wpforms-707-field_1-container\" class=\"wpforms-field wpforms-field-email\" data-field-id=\"1\"><label class=\"wpforms-field-label\" for=\"wpforms-707-field_1\">E-mail <span class=\"wpforms-required-label\">*<\/span><\/label><input type=\"email\" id=\"wpforms-707-field_1\" class=\"wpforms-field-medium wpforms-field-required\" name=\"wpforms[fields][1]\" spellcheck=\"false\" required><\/div><div id=\"wpforms-707-field_5-container\" class=\"wpforms-field wpforms-field-textarea\" data-field-id=\"5\"><label class=\"wpforms-field-label\" for=\"wpforms-707-field_5\">Object <span class=\"wpforms-required-label\">*<\/span><\/label><textarea id=\"wpforms-707-field_5\" class=\"wpforms-field-small wpforms-field-required wpforms-limit-words-enabled\" data-form-id=\"707\" data-field-id=\"5\" data-text-limit=\"10\" name=\"wpforms[fields][5]\" required><\/textarea><\/div><div id=\"wpforms-707-field_2-container\" class=\"wpforms-field wpforms-field-textarea\" data-field-id=\"2\"><label class=\"wpforms-field-label\" for=\"wpforms-707-field_2\">Message <span class=\"wpforms-required-label\">*<\/span><\/label><textarea id=\"wpforms-707-field_2\" class=\"wpforms-field-large wpforms-field-required wpforms-limit-words-enabled\" data-form-id=\"707\" data-field-id=\"2\" data-text-limit=\"300\" name=\"wpforms[fields][2]\" required><\/textarea><\/div><\/div><!-- .wpforms-field-container --><div class=\"wpforms-submit-container\" ><input type=\"hidden\" name=\"wpforms[id]\" value=\"707\"><input type=\"hidden\" name=\"page_title\" value=\"\"><input type=\"hidden\" name=\"page_url\" value=\"https:\/\/cryptogamingarea.com\/en\/wp-json\/wp\/v2\/pages\/360\"><button type=\"submit\" name=\"wpforms[submit]\" id=\"wpforms-submit-707\" class=\"wpforms-submit\" data-alt-text=\"Envoi en cours...\" data-submit-text=\"Envoyer\" aria-live=\"assertive\" value=\"wpforms-submit\">Send<\/button><img decoding=\"async\" src=\"https:\/\/cryptogamingarea.com\/wp-content\/plugins\/wpforms-lite\/assets\/images\/submit-spin.svg\" class=\"wpforms-submit-spinner\" style=\"display: none;\" width=\"26\" height=\"26\" alt=\"Loading\"><\/div><input type=\"hidden\" name=\"trp-form-language\" value=\"en\"\/><\/form><\/div>  <!-- .wpforms-container -->\n\n\n<div style=\"height:40px\" aria-hidden=\"true\" class=\"wp-block-spacer\"><\/div>\n\n\n\n<h2 class=\"wp-block-heading\" id=\"partenariats\">Partnerships<\/h2>\n\n\n\n<p>All partnership requests will be considered. However, if the projects do not correspond to our values, or if we judge the project to be of little interest to our readers, we reserve the right to decline these proposals.<br>In any case, please give us as many details as possible about your project so that we can get to know it better. <\/p>\n\n\n\n<h2 class=\"wp-block-heading\" id=\"recherche-redacteurs-benevoles\">Search for volunteer writers<\/h2>\n\n\n\n<p>You like to write? You are passionate about video games and in particular <strong>the world of Play-to-Earn, metaverse and NFTs<\/strong> ? <br>Then send us your application to become <strong>crypto video game editor<\/strong> ! We are mainly looking for writers who can write guides and game tips on the following Play to Earn: <\/p>\n\n\n\n<ul><li>Axie Infinity,<\/li><li>Thetan Arena,<\/li><li>Gods Unchained,<\/li><li>if you play other P2E, don't hesitate to tell us. <\/li><\/ul>\n\n\n\n<p>All applications will be considered \ud83d\ude09<\/p>","protected":false},"excerpt":{"rendered":"<p>If you'd like to contact the CGA team to... pitch us your video game project, \ud83d\udd79 develop a partnership with us, \ud83e\udd1d find a writing job in crypto video games, \ud83d\udd8a tell us you like what you read from us (or not \ud83d\ude05 ), \ud83d\udc9c have a drink with the team \ud83d\ude1c [...]<\/p>","protected":false},"author":4,"featured_media":0,"parent":0,"menu_order":0,"comment_status":"closed","ping_status":"closed","template":"","meta":{"footnotes":""},"yoast_head":"<!-- This site is optimized with the Yoast SEO plugin v24.5 - https:\/\/yoast.com\/wordpress\/plugins\/seo\/ -->\n<title>Contacter l&#039;\u00e9quipe CryptoGamingArea<\/title>\n<meta name=\"description\" content=\"Contactez l&#039;\u00e9quipe Crypto Gaming Area. Formulaire de contact \u00e0 votre disposition pour demandes de partenariats commerciaux, candidatures, etc.\" \/>\n<meta name=\"robots\" content=\"index, follow, max-snippet:-1, max-image-preview:large, max-video-preview:-1\" \/>\n<link rel=\"canonical\" href=\"https:\/\/cryptogamingarea.com\/en\/contact\/\" \/>\n<meta property=\"og:locale\" content=\"en_US\" \/>\n<meta property=\"og:type\" content=\"article\" \/>\n<meta property=\"og:title\" content=\"Contacter l&#039;\u00e9quipe CryptoGamingArea\" \/>\n<meta property=\"og:description\" content=\"Contactez l&#039;\u00e9quipe Crypto Gaming Area. Formulaire de contact \u00e0 votre disposition pour demandes de partenariats commerciaux, candidatures, etc.\" \/>\n<meta property=\"og:url\" content=\"https:\/\/cryptogamingarea.com\/en\/contact\/\" \/>\n<meta property=\"og:site_name\" content=\"CryptoGamingArea\" \/>\n<meta property=\"article:publisher\" content=\"https:\/\/www.facebook.com\/gaming\/CryptoGamingArea\" \/>\n<meta property=\"article:modified_time\" content=\"2022-03-04T14:20:27+00:00\" \/>\n<meta name=\"twitter:card\" content=\"summary_large_image\" \/>\n<meta name=\"twitter:site\" content=\"@CryptoGamingCGA\" \/>\n<script type=\"application\/ld+json\" class=\"yoast-schema-graph\">{\"@context\":\"https:\/\/schema.org\",\"@graph\":[{\"@type\":\"WebPage\",\"@id\":\"https:\/\/cryptogamingarea.com\/contact\/\",\"url\":\"https:\/\/cryptogamingarea.com\/contact\/\",\"name\":\"Contacter l'\u00e9quipe CryptoGamingArea\",\"isPartOf\":{\"@id\":\"https:\/\/cryptogamingarea.com\/#website\"},\"datePublished\":\"2022-02-03T21:54:04+00:00\",\"dateModified\":\"2022-03-04T14:20:27+00:00\",\"description\":\"Contactez l'\u00e9quipe Crypto Gaming Area. Formulaire de contact \u00e0 votre disposition pour demandes de partenariats commerciaux, candidatures, etc.\",\"breadcrumb\":{\"@id\":\"https:\/\/cryptogamingarea.com\/contact\/#breadcrumb\"},\"inLanguage\":\"en-US\",\"potentialAction\":[{\"@type\":\"ReadAction\",\"target\":[\"https:\/\/cryptogamingarea.com\/contact\/\"]}]},{\"@type\":\"BreadcrumbList\",\"@id\":\"https:\/\/cryptogamingarea.com\/contact\/#breadcrumb\",\"itemListElement\":[{\"@type\":\"ListItem\",\"position\":1,\"name\":\"HOME\",\"item\":\"https:\/\/cryptogamingarea.com\/\"},{\"@type\":\"ListItem\",\"position\":2,\"name\":\"Nous Contacter\"}]},{\"@type\":\"WebSite\",\"@id\":\"https:\/\/cryptogamingarea.com\/#website\",\"url\":\"https:\/\/cryptogamingarea.com\/\",\"name\":\"CryptoGamingArea\",\"description\":\"Le site de r\u00e9f\u00e9rence Play to Earn, Jeux Vid\u00e9o Blockchain, Metaverse et NFTs.\",\"publisher\":{\"@id\":\"https:\/\/cryptogamingarea.com\/#organization\"},\"potentialAction\":[{\"@type\":\"SearchAction\",\"target\":{\"@type\":\"EntryPoint\",\"urlTemplate\":\"https:\/\/cryptogamingarea.com\/?s={search_term_string}\"},\"query-input\":{\"@type\":\"PropertyValueSpecification\",\"valueRequired\":true,\"valueName\":\"search_term_string\"}}],\"inLanguage\":\"en-US\"},{\"@type\":\"Organization\",\"@id\":\"https:\/\/cryptogamingarea.com\/#organization\",\"name\":\"Crypto Gaming Area\",\"url\":\"https:\/\/cryptogamingarea.com\/\",\"logo\":{\"@type\":\"ImageObject\",\"inLanguage\":\"en-US\",\"@id\":\"https:\/\/cryptogamingarea.com\/#\/schema\/logo\/image\/\",\"url\":\"https:\/\/cryptogamingarea.com\/wp-content\/uploads\/2022\/01\/cropped-logo-cga-blanc.png\",\"contentUrl\":\"https:\/\/cryptogamingarea.com\/wp-content\/uploads\/2022\/01\/cropped-logo-cga-blanc.png\",\"width\":512,\"height\":512,\"caption\":\"Crypto Gaming Area\"},\"image\":{\"@id\":\"https:\/\/cryptogamingarea.com\/#\/schema\/logo\/image\/\"},\"sameAs\":[\"https:\/\/www.facebook.com\/gaming\/CryptoGamingArea\",\"https:\/\/x.com\/CryptoGamingCGA\"]}]}<\/script>\n<!-- \/ Yoast SEO plugin. -->","yoast_head_json":{"title":"Contacter l'\u00e9quipe CryptoGamingArea","description":"Contactez l'\u00e9quipe Crypto Gaming Area. Formulaire de contact \u00e0 votre disposition pour demandes de partenariats commerciaux, candidatures, etc.","robots":{"index":"index","follow":"follow","max-snippet":"max-snippet:-1","max-image-preview":"max-image-preview:large","max-video-preview":"max-video-preview:-1"},"canonical":"https:\/\/cryptogamingarea.com\/en\/contact\/","og_locale":"en_US","og_type":"article","og_title":"Contacter l'\u00e9quipe CryptoGamingArea","og_description":"Contactez l'\u00e9quipe Crypto Gaming Area. Formulaire de contact \u00e0 votre disposition pour demandes de partenariats commerciaux, candidatures, etc.","og_url":"https:\/\/cryptogamingarea.com\/en\/contact\/","og_site_name":"CryptoGamingArea","article_publisher":"https:\/\/www.facebook.com\/gaming\/CryptoGamingArea","article_modified_time":"2022-03-04T14:20:27+00:00","twitter_card":"summary_large_image","twitter_site":"@CryptoGamingCGA","schema":{"@context":"https:\/\/schema.org","@graph":[{"@type":"WebPage","@id":"https:\/\/cryptogamingarea.com\/contact\/","url":"https:\/\/cryptogamingarea.com\/contact\/","name":"Contacter l'\u00e9quipe CryptoGamingArea","isPartOf":{"@id":"https:\/\/cryptogamingarea.com\/#website"},"datePublished":"2022-02-03T21:54:04+00:00","dateModified":"2022-03-04T14:20:27+00:00","description":"Contactez l'\u00e9quipe Crypto Gaming Area. Formulaire de contact \u00e0 votre disposition pour demandes de partenariats commerciaux, candidatures, etc.","breadcrumb":{"@id":"https:\/\/cryptogamingarea.com\/contact\/#breadcrumb"},"inLanguage":"en-US","potentialAction":[{"@type":"ReadAction","target":["https:\/\/cryptogamingarea.com\/contact\/"]}]},{"@type":"BreadcrumbList","@id":"https:\/\/cryptogamingarea.com\/contact\/#breadcrumb","itemListElement":[{"@type":"ListItem","position":1,"name":"HOME","item":"https:\/\/cryptogamingarea.com\/"},{"@type":"ListItem","position":2,"name":"Nous Contacter"}]},{"@type":"WebSite","@id":"https:\/\/cryptogamingarea.com\/#website","url":"https:\/\/cryptogamingarea.com\/","name":"CryptoGamingArea","description":"Le site de r\u00e9f\u00e9rence Play to Earn, Jeux Vid\u00e9o Blockchain, Metaverse et NFTs.","publisher":{"@id":"https:\/\/cryptogamingarea.com\/#organization"},"potentialAction":[{"@type":"SearchAction","target":{"@type":"EntryPoint","urlTemplate":"https:\/\/cryptogamingarea.com\/?s={search_term_string}"},"query-input":{"@type":"PropertyValueSpecification","valueRequired":true,"valueName":"search_term_string"}}],"inLanguage":"en-US"},{"@type":"Organization","@id":"https:\/\/cryptogamingarea.com\/#organization","name":"Crypto Gaming Area","url":"https:\/\/cryptogamingarea.com\/","logo":{"@type":"ImageObject","inLanguage":"en-US","@id":"https:\/\/cryptogamingarea.com\/#\/schema\/logo\/image\/","url":"https:\/\/cryptogamingarea.com\/wp-content\/uploads\/2022\/01\/cropped-logo-cga-blanc.png","contentUrl":"https:\/\/cryptogamingarea.com\/wp-content\/uploads\/2022\/01\/cropped-logo-cga-blanc.png","width":512,"height":512,"caption":"Crypto Gaming Area"},"image":{"@id":"https:\/\/cryptogamingarea.com\/#\/schema\/logo\/image\/"},"sameAs":["https:\/\/www.facebook.com\/gaming\/CryptoGamingArea","https:\/\/x.com\/CryptoGamingCGA"]}]}},"_links":{"self":[{"href":"https:\/\/cryptogamingarea.com\/en\/wp-json\/wp\/v2\/pages\/360"}],"collection":[{"href":"https:\/\/cryptogamingarea.com\/en\/wp-json\/wp\/v2\/pages"}],"about":[{"href":"https:\/\/cryptogamingarea.com\/en\/wp-json\/wp\/v2\/types\/page"}],"author":[{"embeddable":true,"href":"https:\/\/cryptogamingarea.com\/en\/wp-json\/wp\/v2\/users\/4"}],"replies":[{"embeddable":true,"href":"https:\/\/cryptogamingarea.com\/en\/wp-json\/wp\/v2\/comments?post=360"}],"version-history":[{"count":9,"href":"https:\/\/cryptogamingarea.com\/en\/wp-json\/wp\/v2\/pages\/360\/revisions"}],"predecessor-version":[{"id":1048,"href":"https:\/\/cryptogamingarea.com\/en\/wp-json\/wp\/v2\/pages\/360\/revisions\/1048"}],"wp:attachment":[{"href":"https:\/\/cryptogamingarea.com\/en\/wp-json\/wp\/v2\/media?parent=360"}],"curies":[{"name":"wp","href":"https:\/\/api.w.org\/{rel}","templated":true}]}}