{"id":281,"date":"2022-01-28T22:31:19","date_gmt":"2022-01-28T20:31:19","guid":{"rendered":"https:\/\/cryptogamingarea.com\/?page_id=281"},"modified":"2022-03-25T16:18:18","modified_gmt":"2022-03-25T14:18:18","slug":"home","status":"publish","type":"page","link":"https:\/\/cryptogamingarea.com\/es\/","title":{"rendered":"Crypto Gaming Area: Referencia Play To Earn y Videojuegos Crypto"},"content":{"rendered":"","protected":false},"excerpt":{"rendered":"","protected":false},"author":4,"featured_media":0,"parent":0,"menu_order":0,"comment_status":"closed","ping_status":"closed","template":"template-modules.php","meta":{"footnotes":""},"yoast_head":"<!-- This site is optimized with the Yoast SEO plugin v24.5 - https:\/\/yoast.com\/wordpress\/plugins\/seo\/ -->\n<title>Crypto Gaming Area : R\u00e9f\u00e9rence Play To Earn et Jeux Vid\u00e9o Crypto - CryptoGamingArea<\/title>\n<meta name=\"description\" content=\"Site de r\u00e9f\u00e9rence sur les jeux vid\u00e9o crypto, le Play to Earn, le Metaverse et les NFTs li\u00e9s \u00e0 l\u2019univers gaming. News, Tops, Astuces et FAQ.\" \/>\n<meta name=\"robots\" content=\"index, follow, max-snippet:-1, max-image-preview:large, max-video-preview:-1\" \/>\n<link rel=\"canonical\" href=\"https:\/\/cryptogamingarea.com\/es\/\" \/>\n<meta property=\"og:locale\" content=\"es_ES\" \/>\n<meta property=\"og:type\" content=\"article\" \/>\n<meta property=\"og:title\" content=\"Crypto Gaming Area : R\u00e9f\u00e9rence Play To Earn et Jeux Vid\u00e9o Crypto - CryptoGamingArea\" \/>\n<meta property=\"og:description\" content=\"Site de r\u00e9f\u00e9rence sur les jeux vid\u00e9o crypto, le Play to Earn, le Metaverse et les NFTs li\u00e9s \u00e0 l\u2019univers gaming. News, Tops, Astuces et FAQ.\" \/>\n<meta property=\"og:url\" content=\"https:\/\/cryptogamingarea.com\/es\/\" \/>\n<meta property=\"og:site_name\" content=\"CryptoGamingArea\" \/>\n<meta property=\"article:publisher\" content=\"https:\/\/www.facebook.com\/gaming\/CryptoGamingArea\" \/>\n<meta property=\"article:modified_time\" content=\"2022-03-25T14:18:18+00:00\" \/>\n<meta name=\"twitter:card\" content=\"summary_large_image\" \/>\n<meta name=\"twitter:site\" content=\"@CryptoGamingCGA\" \/>\n<script type=\"application\/ld+json\" class=\"yoast-schema-graph\">{\"@context\":\"https:\/\/schema.org\",\"@graph\":[{\"@type\":\"WebPage\",\"@id\":\"https:\/\/cryptogamingarea.com\/\",\"url\":\"https:\/\/cryptogamingarea.com\/\",\"name\":\"Crypto Gaming Area : R\u00e9f\u00e9rence Play To Earn et Jeux Vid\u00e9o Crypto - CryptoGamingArea\",\"isPartOf\":{\"@id\":\"https:\/\/cryptogamingarea.com\/#website\"},\"datePublished\":\"2022-01-28T20:31:19+00:00\",\"dateModified\":\"2022-03-25T14:18:18+00:00\",\"description\":\"Site de r\u00e9f\u00e9rence sur les jeux vid\u00e9o crypto, le Play to Earn, le Metaverse et les NFTs li\u00e9s \u00e0 l\u2019univers gaming. News, Tops, Astuces et FAQ.\",\"breadcrumb\":{\"@id\":\"https:\/\/cryptogamingarea.com\/#breadcrumb\"},\"inLanguage\":\"es\",\"potentialAction\":[{\"@type\":\"ReadAction\",\"target\":[\"https:\/\/cryptogamingarea.com\/\"]}]},{\"@type\":\"BreadcrumbList\",\"@id\":\"https:\/\/cryptogamingarea.com\/#breadcrumb\",\"itemListElement\":[{\"@type\":\"ListItem\",\"position\":1,\"name\":\"HOME\",\"item\":\"https:\/\/cryptogamingarea.com\/\"},{\"@type\":\"ListItem\",\"position\":2,\"name\":\"Crypto Gaming Area : R\u00e9f\u00e9rence Play To Earn et Jeux Vid\u00e9o Crypto\"}]},{\"@type\":\"WebSite\",\"@id\":\"https:\/\/cryptogamingarea.com\/#website\",\"url\":\"https:\/\/cryptogamingarea.com\/\",\"name\":\"CryptoGamingArea\",\"description\":\"Le site de r\u00e9f\u00e9rence Play to Earn, Jeux Vid\u00e9o Blockchain, Metaverse et NFTs.\",\"publisher\":{\"@id\":\"https:\/\/cryptogamingarea.com\/#organization\"},\"potentialAction\":[{\"@type\":\"SearchAction\",\"target\":{\"@type\":\"EntryPoint\",\"urlTemplate\":\"https:\/\/cryptogamingarea.com\/?s={search_term_string}\"},\"query-input\":{\"@type\":\"PropertyValueSpecification\",\"valueRequired\":true,\"valueName\":\"search_term_string\"}}],\"inLanguage\":\"es\"},{\"@type\":\"Organization\",\"@id\":\"https:\/\/cryptogamingarea.com\/#organization\",\"name\":\"Crypto Gaming Area\",\"url\":\"https:\/\/cryptogamingarea.com\/\",\"logo\":{\"@type\":\"ImageObject\",\"inLanguage\":\"es\",\"@id\":\"https:\/\/cryptogamingarea.com\/#\/schema\/logo\/image\/\",\"url\":\"https:\/\/cryptogamingarea.com\/wp-content\/uploads\/2022\/01\/cropped-logo-cga-blanc.png\",\"contentUrl\":\"https:\/\/cryptogamingarea.com\/wp-content\/uploads\/2022\/01\/cropped-logo-cga-blanc.png\",\"width\":512,\"height\":512,\"caption\":\"Crypto Gaming Area\"},\"image\":{\"@id\":\"https:\/\/cryptogamingarea.com\/#\/schema\/logo\/image\/\"},\"sameAs\":[\"https:\/\/www.facebook.com\/gaming\/CryptoGamingArea\",\"https:\/\/x.com\/CryptoGamingCGA\"]}]}<\/script>\n<!-- \/ Yoast SEO plugin. -->","yoast_head_json":{"title":"Crypto Gaming Area : R\u00e9f\u00e9rence Play To Earn et Jeux Vid\u00e9o Crypto - CryptoGamingArea","description":"Site de r\u00e9f\u00e9rence sur les jeux vid\u00e9o crypto, le Play to Earn, le Metaverse et les NFTs li\u00e9s \u00e0 l\u2019univers gaming. News, Tops, Astuces et FAQ.","robots":{"index":"index","follow":"follow","max-snippet":"max-snippet:-1","max-image-preview":"max-image-preview:large","max-video-preview":"max-video-preview:-1"},"canonical":"https:\/\/cryptogamingarea.com\/es\/","og_locale":"es_ES","og_type":"article","og_title":"Crypto Gaming Area : R\u00e9f\u00e9rence Play To Earn et Jeux Vid\u00e9o Crypto - CryptoGamingArea","og_description":"Site de r\u00e9f\u00e9rence sur les jeux vid\u00e9o crypto, le Play to Earn, le Metaverse et les NFTs li\u00e9s \u00e0 l\u2019univers gaming. News, Tops, Astuces et FAQ.","og_url":"https:\/\/cryptogamingarea.com\/es\/","og_site_name":"CryptoGamingArea","article_publisher":"https:\/\/www.facebook.com\/gaming\/CryptoGamingArea","article_modified_time":"2022-03-25T14:18:18+00:00","twitter_card":"summary_large_image","twitter_site":"@CryptoGamingCGA","schema":{"@context":"https:\/\/schema.org","@graph":[{"@type":"WebPage","@id":"https:\/\/cryptogamingarea.com\/","url":"https:\/\/cryptogamingarea.com\/","name":"Crypto Gaming Area : R\u00e9f\u00e9rence Play To Earn et Jeux Vid\u00e9o Crypto - CryptoGamingArea","isPartOf":{"@id":"https:\/\/cryptogamingarea.com\/#website"},"datePublished":"2022-01-28T20:31:19+00:00","dateModified":"2022-03-25T14:18:18+00:00","description":"Site de r\u00e9f\u00e9rence sur les jeux vid\u00e9o crypto, le Play to Earn, le Metaverse et les NFTs li\u00e9s \u00e0 l\u2019univers gaming. News, Tops, Astuces et FAQ.","breadcrumb":{"@id":"https:\/\/cryptogamingarea.com\/#breadcrumb"},"inLanguage":"es","potentialAction":[{"@type":"ReadAction","target":["https:\/\/cryptogamingarea.com\/"]}]},{"@type":"BreadcrumbList","@id":"https:\/\/cryptogamingarea.com\/#breadcrumb","itemListElement":[{"@type":"ListItem","position":1,"name":"HOME","item":"https:\/\/cryptogamingarea.com\/"},{"@type":"ListItem","position":2,"name":"Crypto Gaming Area : R\u00e9f\u00e9rence Play To Earn et Jeux Vid\u00e9o Crypto"}]},{"@type":"WebSite","@id":"https:\/\/cryptogamingarea.com\/#website","url":"https:\/\/cryptogamingarea.com\/","name":"CryptoGamingArea","description":"Le site de r\u00e9f\u00e9rence Play to Earn, Jeux Vid\u00e9o Blockchain, Metaverse et NFTs.","publisher":{"@id":"https:\/\/cryptogamingarea.com\/#organization"},"potentialAction":[{"@type":"SearchAction","target":{"@type":"EntryPoint","urlTemplate":"https:\/\/cryptogamingarea.com\/?s={search_term_string}"},"query-input":{"@type":"PropertyValueSpecification","valueRequired":true,"valueName":"search_term_string"}}],"inLanguage":"es"},{"@type":"Organization","@id":"https:\/\/cryptogamingarea.com\/#organization","name":"Crypto Gaming Area","url":"https:\/\/cryptogamingarea.com\/","logo":{"@type":"ImageObject","inLanguage":"es","@id":"https:\/\/cryptogamingarea.com\/#\/schema\/logo\/image\/","url":"https:\/\/cryptogamingarea.com\/wp-content\/uploads\/2022\/01\/cropped-logo-cga-blanc.png","contentUrl":"https:\/\/cryptogamingarea.com\/wp-content\/uploads\/2022\/01\/cropped-logo-cga-blanc.png","width":512,"height":512,"caption":"Crypto Gaming Area"},"image":{"@id":"https:\/\/cryptogamingarea.com\/#\/schema\/logo\/image\/"},"sameAs":["https:\/\/www.facebook.com\/gaming\/CryptoGamingArea","https:\/\/x.com\/CryptoGamingCGA"]}]}},"_links":{"self":[{"href":"https:\/\/cryptogamingarea.com\/es\/wp-json\/wp\/v2\/pages\/281"}],"collection":[{"href":"https:\/\/cryptogamingarea.com\/es\/wp-json\/wp\/v2\/pages"}],"about":[{"href":"https:\/\/cryptogamingarea.com\/es\/wp-json\/wp\/v2\/types\/page"}],"author":[{"embeddable":true,"href":"https:\/\/cryptogamingarea.com\/es\/wp-json\/wp\/v2\/users\/4"}],"replies":[{"embeddable":true,"href":"https:\/\/cryptogamingarea.com\/es\/wp-json\/wp\/v2\/comments?post=281"}],"version-history":[{"count":4,"href":"https:\/\/cryptogamingarea.com\/es\/wp-json\/wp\/v2\/pages\/281\/revisions"}],"predecessor-version":[{"id":569,"href":"https:\/\/cryptogamingarea.com\/es\/wp-json\/wp\/v2\/pages\/281\/revisions\/569"}],"wp:attachment":[{"href":"https:\/\/cryptogamingarea.com\/es\/wp-json\/wp\/v2\/media?parent=281"}],"curies":[{"name":"wp","href":"https:\/\/api.w.org\/{rel}","templated":true}]}}