{"id":3,"date":"2022-01-12T20:24:39","date_gmt":"2022-01-12T20:24:39","guid":{"rendered":"http:\/\/cryptogamingarea.com\/?page_id=3"},"modified":"2022-02-18T18:17:43","modified_gmt":"2022-02-18T16:17:43","slug":"privacy-policy","status":"publish","type":"page","link":"https:\/\/cryptogamingarea.com\/es\/politica-de-privacidad\/","title":{"rendered":"Pol\u00edtica de privacidad - Aviso legal"},"content":{"rendered":"<h2 class=\"wp-block-heading\" id=\"presentation-generale\">Presentaci\u00f3n general<\/h2>\n\n\n\n<p>La direcci\u00f3n de nuestro sitio web es: https:\/\/cryptogamingarea.com.<br>Alojamiento: Hostinger International Ltd. - 61 Lordou Vironos str. 6023 Larnaca, Chipre<\/p>\n\n\n\n<h2 class=\"wp-block-heading\" id=\"conditions-generales-d-utilisation-du-site\">Condiciones de uso del sitio web<\/h2>\n\n\n\n<p>El uso del sitio web www.cryptogamingarea.com implica la plena aceptaci\u00f3n de las condiciones generales de uso que se describen a continuaci\u00f3n. Estas condiciones de uso pueden ser modificadas o complementadas en cualquier momento, por lo que se invita a los usuarios del sitio web www.cryptogamingarea.com a consultarlas regularmente.<\/p>\n\n\n\n<p>El sitio web www.cryptogamingarea.com se actualiza regularmente. Del mismo modo, los avisos legales pueden modificarse en cualquier momento: no obstante, son vinculantes para el usuario, al que se invita a consultarlos con la mayor frecuencia posible para tomar nota de ellos.<\/p>\n\n\n\n<h2 class=\"wp-block-heading\" id=\"description-des-services\">Descripci\u00f3n de los servicios<\/h2>\n\n\n\n<p>El equipo editorial se esfuerza por ofrecer la informaci\u00f3n m\u00e1s precisa posible en el sitio web www.cryptogamingarea.com. Sin embargo, no se le puede responsabilizar de las omisiones, inexactitudes y deficiencias en la actualizaci\u00f3n, ya sean culpa suya o de terceros que le proporcionen esta informaci\u00f3n.<\/p>\n\n\n\n<p>Toda la informaci\u00f3n que aparece en el sitio web www.cryptogamingarea.com se ofrece a t\u00edtulo informativo y est\u00e1 sujeta a cambios. Adem\u00e1s, la informaci\u00f3n del sitio web www.cryptogamingarea.com no es exhaustiva. Se da a condici\u00f3n de que se hayan hecho modificaciones desde que se puso en l\u00ednea.<\/p>\n\n\n\n<h2 class=\"wp-block-heading\" id=\"affiliation\">Afiliaci\u00f3n<\/h2>\n\n\n\n<p>En el marco de su actividad, el sitio web www.cryptogamingarea.com puede establecer v\u00ednculos de afiliaci\u00f3n con socios comerciales. De conformidad con los art\u00edculos L.111.7 y D.111.7 del C\u00f3digo del Consumidor franc\u00e9s, el sitio web www.cryptogamingarea.com dedica este p\u00e1rrafo a informarle de que se utilizan enlaces de afiliaci\u00f3n.<\/p>\n\n\n\n<p>Un enlace de afiliaci\u00f3n es un enlace de hipertexto en el que puede hacer clic y que le redirige a un sitio web de un comerciante asociado a www.cryptogamingarea.com. Al hacer clic en este enlace, www.cryptogamingarea.com recibe una comisi\u00f3n econ\u00f3mica gracias a la identificaci\u00f3n de un c\u00f3digo de afiliaci\u00f3n insertado en el enlace.<\/p>\n\n\n\n<h2 class=\"wp-block-heading\" id=\"commentaires\">Comentarios<\/h2>\n\n\n\n<p>Cuando deja un comentario en nuestro sitio, los datos introducidos en el formulario de comentarios, as\u00ed como su direcci\u00f3n IP y el agente de usuario del navegador, se recogen para ayudarnos a detectar comentarios no deseados.<\/p>\n\n\n\n<p>Una cadena an\u00f3nima creada a partir de tu direcci\u00f3n de correo electr\u00f3nico (tambi\u00e9n conocida como hash) puede ser enviada al servicio Gravatar para comprobar si est\u00e1s utilizando el servicio. La pol\u00edtica de privacidad del servicio Gravatar est\u00e1 disponible aqu\u00ed: https:\/\/automattic.com\/privacy\/. Una vez validado tu comentario, tu foto de perfil ser\u00e1 visible p\u00fablicamente junto a tu comentario.<\/p>\n\n\n\n<h2 class=\"wp-block-heading\" id=\"medias\">Medios de comunicaci\u00f3n<\/h2>\n\n\n\n<p>Si sube im\u00e1genes al sitio, le aconsejamos que evite subir im\u00e1genes que contengan datos EXIF de coordenadas GPS. Las personas que visitan su sitio pueden descargar y extraer datos de localizaci\u00f3n de estas im\u00e1genes.<\/p>\n\n\n\n<h2 class=\"wp-block-heading\" id=\"cookies\">Galletas<\/h2>\n\n\n\n<p>Si deja un comentario en nuestro sitio, se le pedir\u00e1 que guarde su nombre, direcci\u00f3n de correo electr\u00f3nico y sitio en las cookies. Esto es s\u00f3lo para su comodidad, para que no tenga que introducir esta informaci\u00f3n si deja otro comentario m\u00e1s tarde. Estas cookies caducan al cabo de un a\u00f1o.<\/p>\n\n\n\n<p>Si va a la p\u00e1gina de inicio de sesi\u00f3n, se crear\u00e1 una cookie temporal para determinar si su navegador acepta cookies. No contiene ning\u00fan dato personal y se eliminar\u00e1 autom\u00e1ticamente al cerrar el navegador.<\/p>\n\n\n\n<p>Al iniciar la sesi\u00f3n, estableceremos una serie de cookies para almacenar su informaci\u00f3n de inicio de sesi\u00f3n y sus preferencias de pantalla. La vida de una cookie de inicio de sesi\u00f3n es de dos d\u00edas, y la vida de una cookie de preferencias de pantalla es de un a\u00f1o. Si marca la opci\u00f3n \"Recordarme\", su cookie de inicio de sesi\u00f3n se conservar\u00e1 durante quince d\u00edas. Si cierra la sesi\u00f3n de su cuenta, la cookie de inicio de sesi\u00f3n se eliminar\u00e1.<\/p>\n\n\n\n<p>Al editar o publicar una publicaci\u00f3n, se almacenar\u00e1 una cookie adicional en su navegador. Esta cookie no contiene ning\u00fan dato personal. Simplemente indica el ID de la publicaci\u00f3n que acaba de editar. Caduca al cabo de un d\u00eda.<\/p>\n\n\n\n<h2 class=\"wp-block-heading\" id=\"contenu-embarque-depuis-d-autres-sites\">Contenido incrustado de otros sitios<\/h2>\n\n\n\n<p>Los art\u00edculos de este sitio pueden incluir contenido incrustado (por ejemplo, v\u00eddeos, im\u00e1genes, art\u00edculos, etc.). El contenido incrustado de otros sitios se comporta de la misma manera que si el visitante estuviera en ese otro sitio.<\/p>\n\n\n\n<p>Estos sitios web pueden recopilar datos sobre usted, utilizar cookies, incrustar herramientas de seguimiento de terceros, rastrear sus interacciones con estos contenidos incrustados si tiene una cuenta registrada en su sitio web.<\/p>\n\n\n\n<h2 class=\"wp-block-heading\" id=\"utilisation-de-vos-donnees-personnelles\">Uso de sus datos personales<\/h2>\n\n\n\n<p>En Francia, los datos personales est\u00e1n protegidos por la ley n\u00ba 78-87 de 6 de enero de 1978, la ley n\u00ba 2004-801 de 6 de agosto de 2004, el art\u00edculo L. 226-13 del C\u00f3digo Penal y la Directiva Europea de 24 de octubre de 1995.<\/p>\n\n\n\n<p>Al utilizar el sitio web www.cryptogamingarea.com, se puede recoger la siguiente informaci\u00f3n: la URL de los enlaces a trav\u00e9s de los cuales el usuario ha accedido al sitio web www.cryptogamingarea.com, el proveedor de acceso del usuario, la direcci\u00f3n del protocolo de Internet (IP) del usuario.<\/p>\n\n\n\n<p>En cualquier caso, www.cryptogamingarea.com s\u00f3lo recoge informaci\u00f3n personal relativa al usuario a efectos de determinados servicios ofrecidos. El usuario proporciona esta informaci\u00f3n con pleno conocimiento de causa, en particular cuando la introduce. A continuaci\u00f3n, se informa al usuario del sitio web www.cryptogamingarea.com de si est\u00e1 obligado o no a facilitar esta informaci\u00f3n.<\/p>\n\n\n\n<p>De conformidad con las disposiciones de los art\u00edculos 38 y siguientes de la ley 78-17 del 6 de enero de 1978 relativa a la inform\u00e1tica, a los archivos y a las libertades, todo usuario dispone de un derecho de acceso, de rectificaci\u00f3n y de oposici\u00f3n a los datos personales que le conciernen, mediante una solicitud escrita y firmada, acompa\u00f1ada de una copia del documento de identidad con la firma del titular del documento, precisando la direcci\u00f3n a la que debe enviarse la respuesta.<\/p>\n\n\n\n<h2 class=\"wp-block-heading\" id=\"durees-de-stockage-de-vos-donnees\">Cu\u00e1nto tiempo se almacenan sus datos<\/h2>\n\n\n\n<p>Si deja un comentario, el comentario y sus metadatos se conservan indefinidamente. Esto permite que los comentarios posteriores se reconozcan y aprueben autom\u00e1ticamente en lugar de quedar en la cola de moderaci\u00f3n.<\/p>\n\n\n\n<p>Para las cuentas que se registran en nuestro sitio (si las hay), tambi\u00e9n almacenamos los datos personales especificados en su perfil. Todas las cuentas pueden ver, editar o eliminar su informaci\u00f3n personal en cualquier momento (a excepci\u00f3n de su ID de usuario). Los administradores del sitio tambi\u00e9n pueden ver y editar esta informaci\u00f3n.<\/p>\n\n\n\n<h2 class=\"wp-block-heading\" id=\"les-droits-que-vous-avez-sur-vos-donnees\">Los derechos que tiene sobre sus datos<\/h2>\n\n\n\n<p>Si tiene una cuenta o ha dejado comentarios en el sitio, puede solicitar que le enviemos un archivo con todos los datos personales que tenemos sobre usted, incluidos los que nos ha proporcionado. Tambi\u00e9n puede solicitar la supresi\u00f3n de sus datos personales. Esto no incluye los datos almacenados con fines administrativos, legales o de seguridad.<\/p>\n\n\n\n<h2 class=\"wp-block-heading\" id=\"transmission-de-vos-donnees-personnelles\">Transmisi\u00f3n de sus datos personales<\/h2>\n\n\n\n<p>Recogemos informaci\u00f3n sobre los visitantes que dejan comentarios en sitios que utilizan Akismet, nuestro servicio antispam. La informaci\u00f3n recopilada depende de la configuraci\u00f3n de Akismet en el sitio, y normalmente incluye la direcci\u00f3n IP de los comentaristas, el agente de usuario, la referencia y la URL del sitio (as\u00ed como otra informaci\u00f3n proporcionada directamente por el comentarista, como el nombre, el nombre de usuario, la direcci\u00f3n de correo electr\u00f3nico y el comentario).<\/p>\n\n\n\n<h2 class=\"wp-block-heading\" id=\"mise-en-cache\">Cach\u00e9<\/h2>\n\n\n\n<p>Este sitio utiliza la cach\u00e9 para facilitar tiempos de respuesta m\u00e1s r\u00e1pidos y una mejor experiencia de usuario. El cach\u00e9 almacena potencialmente una copia de cada p\u00e1gina web mostrada en este sitio. Todos los archivos de la cach\u00e9 son temporales y nunca son accesibles a terceros, excepto si es necesario para obtener asistencia t\u00e9cnica del proveedor de la extensi\u00f3n de la cach\u00e9. Los archivos de cach\u00e9 caducan en un horario establecido por el administrador del sitio, pero pueden ser f\u00e1cilmente purgados por el administrador antes de su expiraci\u00f3n natural, si es necesario. Por favor, vea&nbsp;<a href=\"https:\/\/quic.cloud\/privacy-policy\/\" target=\"_blank\" rel=\"noreferrer noopener\">https:\/\/quic.cloud\/privacy-policy\/<\/a>&nbsp;para m\u00e1s detalles.<\/p>","protected":false},"excerpt":{"rendered":"<p>Presentaci\u00f3n general La direcci\u00f3n de nuestro sitio es: https:\/\/cryptogamingarea.com.H\u00e9bergement: Hostinger International Ltd. - 61 Lordou Vironos str. 6023 Larnaca, Chipre Condiciones generales de utilizaci\u00f3n del sitio La utilizaci\u00f3n del sitio www.cryptogamingarea.com implica la plena aceptaci\u00f3n de las condiciones generales de utilizaci\u00f3n que se describen a continuaci\u00f3n. Estas condiciones de uso podr\u00e1n ser modificadas o completadas en cualquier momento, por lo que los usuarios del sitio www.cryptogamingarea.com [...]<\/p>","protected":false},"author":4,"featured_media":0,"parent":0,"menu_order":0,"comment_status":"closed","ping_status":"open","template":"","meta":{"footnotes":""},"yoast_head":"<!-- This site is optimized with the Yoast SEO plugin v24.5 - https:\/\/yoast.com\/wordpress\/plugins\/seo\/ -->\n<title>Politique de confidentialit\u00e9 - Mentions l\u00e9gales - CryptoGamingArea<\/title>\n<meta name=\"robots\" content=\"index, follow, max-snippet:-1, max-image-preview:large, max-video-preview:-1\" \/>\n<link rel=\"canonical\" href=\"https:\/\/cryptogamingarea.com\/es\/politica-de-privacidad\/\" \/>\n<meta property=\"og:locale\" content=\"es_ES\" \/>\n<meta property=\"og:type\" content=\"article\" \/>\n<meta property=\"og:title\" content=\"Politique de confidentialit\u00e9 - Mentions l\u00e9gales - CryptoGamingArea\" \/>\n<meta property=\"og:description\" content=\"Pr\u00e9sentation g\u00e9n\u00e9rale L\u2019adresse de notre site est&nbsp;: https:\/\/cryptogamingarea.com.H\u00e9bergement : Hostinger International Ltd. \u2013 61&nbsp;Lordou&nbsp;Vironos&nbsp;str., 6023&nbsp;Larnaca, Cyprus Conditions g\u00e9n\u00e9rales d&rsquo;utilisation du site L\u2019utilisation du site www.cryptogamingarea.com implique l\u2019acceptation pleine et enti\u00e8re des conditions g\u00e9n\u00e9rales d\u2019utilisation ci-apr\u00e8s d\u00e9crites. Ces conditions d\u2019utilisation sont susceptibles d\u2019\u00eatre modifi\u00e9es ou compl\u00e9t\u00e9es \u00e0 tout moment, les utilisateurs du site www.cryptogamingarea.com sont donc [&hellip;]\" \/>\n<meta property=\"og:url\" content=\"https:\/\/cryptogamingarea.com\/es\/politica-de-privacidad\/\" \/>\n<meta property=\"og:site_name\" content=\"CryptoGamingArea\" \/>\n<meta property=\"article:publisher\" content=\"https:\/\/www.facebook.com\/gaming\/CryptoGamingArea\" \/>\n<meta property=\"article:modified_time\" content=\"2022-02-18T16:17:43+00:00\" \/>\n<meta name=\"twitter:card\" content=\"summary_large_image\" \/>\n<meta name=\"twitter:site\" content=\"@CryptoGamingCGA\" \/>\n<script type=\"application\/ld+json\" class=\"yoast-schema-graph\">{\"@context\":\"https:\/\/schema.org\",\"@graph\":[{\"@type\":\"WebPage\",\"@id\":\"https:\/\/cryptogamingarea.com\/privacy-policy\/\",\"url\":\"https:\/\/cryptogamingarea.com\/privacy-policy\/\",\"name\":\"Politique de confidentialit\u00e9 - Mentions l\u00e9gales - CryptoGamingArea\",\"isPartOf\":{\"@id\":\"https:\/\/cryptogamingarea.com\/#website\"},\"datePublished\":\"2022-01-12T20:24:39+00:00\",\"dateModified\":\"2022-02-18T16:17:43+00:00\",\"breadcrumb\":{\"@id\":\"https:\/\/cryptogamingarea.com\/privacy-policy\/#breadcrumb\"},\"inLanguage\":\"es\",\"potentialAction\":[{\"@type\":\"ReadAction\",\"target\":[\"https:\/\/cryptogamingarea.com\/privacy-policy\/\"]}]},{\"@type\":\"BreadcrumbList\",\"@id\":\"https:\/\/cryptogamingarea.com\/privacy-policy\/#breadcrumb\",\"itemListElement\":[{\"@type\":\"ListItem\",\"position\":1,\"name\":\"HOME\",\"item\":\"https:\/\/cryptogamingarea.com\/\"},{\"@type\":\"ListItem\",\"position\":2,\"name\":\"Politique de confidentialit\u00e9 &#8211; Mentions l\u00e9gales\"}]},{\"@type\":\"WebSite\",\"@id\":\"https:\/\/cryptogamingarea.com\/#website\",\"url\":\"https:\/\/cryptogamingarea.com\/\",\"name\":\"CryptoGamingArea\",\"description\":\"Le site de r\u00e9f\u00e9rence Play to Earn, Jeux Vid\u00e9o Blockchain, Metaverse et NFTs.\",\"publisher\":{\"@id\":\"https:\/\/cryptogamingarea.com\/#organization\"},\"potentialAction\":[{\"@type\":\"SearchAction\",\"target\":{\"@type\":\"EntryPoint\",\"urlTemplate\":\"https:\/\/cryptogamingarea.com\/?s={search_term_string}\"},\"query-input\":{\"@type\":\"PropertyValueSpecification\",\"valueRequired\":true,\"valueName\":\"search_term_string\"}}],\"inLanguage\":\"es\"},{\"@type\":\"Organization\",\"@id\":\"https:\/\/cryptogamingarea.com\/#organization\",\"name\":\"Crypto Gaming Area\",\"url\":\"https:\/\/cryptogamingarea.com\/\",\"logo\":{\"@type\":\"ImageObject\",\"inLanguage\":\"es\",\"@id\":\"https:\/\/cryptogamingarea.com\/#\/schema\/logo\/image\/\",\"url\":\"https:\/\/cryptogamingarea.com\/wp-content\/uploads\/2022\/01\/cropped-logo-cga-blanc.png\",\"contentUrl\":\"https:\/\/cryptogamingarea.com\/wp-content\/uploads\/2022\/01\/cropped-logo-cga-blanc.png\",\"width\":512,\"height\":512,\"caption\":\"Crypto Gaming Area\"},\"image\":{\"@id\":\"https:\/\/cryptogamingarea.com\/#\/schema\/logo\/image\/\"},\"sameAs\":[\"https:\/\/www.facebook.com\/gaming\/CryptoGamingArea\",\"https:\/\/x.com\/CryptoGamingCGA\"]}]}<\/script>\n<!-- \/ Yoast SEO plugin. -->","yoast_head_json":{"title":"Politique de confidentialit\u00e9 - Mentions l\u00e9gales - CryptoGamingArea","robots":{"index":"index","follow":"follow","max-snippet":"max-snippet:-1","max-image-preview":"max-image-preview:large","max-video-preview":"max-video-preview:-1"},"canonical":"https:\/\/cryptogamingarea.com\/es\/politica-de-privacidad\/","og_locale":"es_ES","og_type":"article","og_title":"Politique de confidentialit\u00e9 - Mentions l\u00e9gales - CryptoGamingArea","og_description":"Pr\u00e9sentation g\u00e9n\u00e9rale L\u2019adresse de notre site est&nbsp;: https:\/\/cryptogamingarea.com.H\u00e9bergement : Hostinger International Ltd. \u2013 61&nbsp;Lordou&nbsp;Vironos&nbsp;str., 6023&nbsp;Larnaca, Cyprus Conditions g\u00e9n\u00e9rales d&rsquo;utilisation du site L\u2019utilisation du site www.cryptogamingarea.com implique l\u2019acceptation pleine et enti\u00e8re des conditions g\u00e9n\u00e9rales d\u2019utilisation ci-apr\u00e8s d\u00e9crites. Ces conditions d\u2019utilisation sont susceptibles d\u2019\u00eatre modifi\u00e9es ou compl\u00e9t\u00e9es \u00e0 tout moment, les utilisateurs du site www.cryptogamingarea.com sont donc [&hellip;]","og_url":"https:\/\/cryptogamingarea.com\/es\/politica-de-privacidad\/","og_site_name":"CryptoGamingArea","article_publisher":"https:\/\/www.facebook.com\/gaming\/CryptoGamingArea","article_modified_time":"2022-02-18T16:17:43+00:00","twitter_card":"summary_large_image","twitter_site":"@CryptoGamingCGA","schema":{"@context":"https:\/\/schema.org","@graph":[{"@type":"WebPage","@id":"https:\/\/cryptogamingarea.com\/privacy-policy\/","url":"https:\/\/cryptogamingarea.com\/privacy-policy\/","name":"Politique de confidentialit\u00e9 - Mentions l\u00e9gales - CryptoGamingArea","isPartOf":{"@id":"https:\/\/cryptogamingarea.com\/#website"},"datePublished":"2022-01-12T20:24:39+00:00","dateModified":"2022-02-18T16:17:43+00:00","breadcrumb":{"@id":"https:\/\/cryptogamingarea.com\/privacy-policy\/#breadcrumb"},"inLanguage":"es","potentialAction":[{"@type":"ReadAction","target":["https:\/\/cryptogamingarea.com\/privacy-policy\/"]}]},{"@type":"BreadcrumbList","@id":"https:\/\/cryptogamingarea.com\/privacy-policy\/#breadcrumb","itemListElement":[{"@type":"ListItem","position":1,"name":"HOME","item":"https:\/\/cryptogamingarea.com\/"},{"@type":"ListItem","position":2,"name":"Politique de confidentialit\u00e9 &#8211; Mentions l\u00e9gales"}]},{"@type":"WebSite","@id":"https:\/\/cryptogamingarea.com\/#website","url":"https:\/\/cryptogamingarea.com\/","name":"CryptoGamingArea","description":"Le site de r\u00e9f\u00e9rence Play to Earn, Jeux Vid\u00e9o Blockchain, Metaverse et NFTs.","publisher":{"@id":"https:\/\/cryptogamingarea.com\/#organization"},"potentialAction":[{"@type":"SearchAction","target":{"@type":"EntryPoint","urlTemplate":"https:\/\/cryptogamingarea.com\/?s={search_term_string}"},"query-input":{"@type":"PropertyValueSpecification","valueRequired":true,"valueName":"search_term_string"}}],"inLanguage":"es"},{"@type":"Organization","@id":"https:\/\/cryptogamingarea.com\/#organization","name":"Crypto Gaming Area","url":"https:\/\/cryptogamingarea.com\/","logo":{"@type":"ImageObject","inLanguage":"es","@id":"https:\/\/cryptogamingarea.com\/#\/schema\/logo\/image\/","url":"https:\/\/cryptogamingarea.com\/wp-content\/uploads\/2022\/01\/cropped-logo-cga-blanc.png","contentUrl":"https:\/\/cryptogamingarea.com\/wp-content\/uploads\/2022\/01\/cropped-logo-cga-blanc.png","width":512,"height":512,"caption":"Crypto Gaming Area"},"image":{"@id":"https:\/\/cryptogamingarea.com\/#\/schema\/logo\/image\/"},"sameAs":["https:\/\/www.facebook.com\/gaming\/CryptoGamingArea","https:\/\/x.com\/CryptoGamingCGA"]}]}},"_links":{"self":[{"href":"https:\/\/cryptogamingarea.com\/es\/wp-json\/wp\/v2\/pages\/3"}],"collection":[{"href":"https:\/\/cryptogamingarea.com\/es\/wp-json\/wp\/v2\/pages"}],"about":[{"href":"https:\/\/cryptogamingarea.com\/es\/wp-json\/wp\/v2\/types\/page"}],"author":[{"embeddable":true,"href":"https:\/\/cryptogamingarea.com\/es\/wp-json\/wp\/v2\/users\/4"}],"replies":[{"embeddable":true,"href":"https:\/\/cryptogamingarea.com\/es\/wp-json\/wp\/v2\/comments?post=3"}],"version-history":[{"count":4,"href":"https:\/\/cryptogamingarea.com\/es\/wp-json\/wp\/v2\/pages\/3\/revisions"}],"predecessor-version":[{"id":720,"href":"https:\/\/cryptogamingarea.com\/es\/wp-json\/wp\/v2\/pages\/3\/revisions\/720"}],"wp:attachment":[{"href":"https:\/\/cryptogamingarea.com\/es\/wp-json\/wp\/v2\/media?parent=3"}],"curies":[{"name":"wp","href":"https:\/\/api.w.org\/{rel}","templated":true}]}}