{"id":360,"date":"2022-02-03T23:54:04","date_gmt":"2022-02-03T21:54:04","guid":{"rendered":"https:\/\/cryptogamingarea.com\/?page_id=360"},"modified":"2022-03-04T16:20:27","modified_gmt":"2022-03-04T14:20:27","slug":"contact","status":"publish","type":"page","link":"https:\/\/cryptogamingarea.com\/es\/contacto\/","title":{"rendered":"Contacto"},"content":{"rendered":"<p>Si desea ponerse en contacto con el equipo de CGA para...<\/p>\n\n\n\n<ul><li>Presentarnos tu proyecto de videojuego, \ud83d\udd79.<\/li><li>desarrollar una asociaci\u00f3n con nosotros, \ud83e\udd1d<\/li><li>encontrar un trabajo como escritor de videojuegos de criptomonedas, \ud83d\udd8a<\/li><li>dinos que te gusta lo que lees aqu\u00ed (o no \ud83d\ude05 ), \ud83d\udc9c<\/li><li>tomar una copa con el equipo \ud83d\ude1c ? \ud83c\udf79<\/li><\/ul>\n\n\n\n<p>...Bueno, no dude en rellenar este formulario. \u2b07\ufe0f <\/p>\n\n\n<div class=\"wpforms-container wpforms-container-full wpforms-block\" id=\"wpforms-707\"><form id=\"wpforms-form-707\" class=\"wpforms-validate wpforms-form wpforms-ajax-form\" data-formid=\"707\" method=\"post\" enctype=\"multipart\/form-data\" action=\"\/es\/wp-json\/wp\/v2\/pages\/360\" data-token=\"78d1a69ba12bd8ee332c000165d19a47\" data-token-time=\"1776090720\" data-trp-original-action=\"\/es\/wp-json\/wp\/v2\/pages\/360\"><noscript class=\"wpforms-error-noscript\">Por favor, active JavaScript en su navegador para completar este formulario.<\/noscript><div class=\"wpforms-field-container\"><div id=\"wpforms-707-field_0-container\" class=\"wpforms-field wpforms-field-name\" data-field-id=\"0\"><label class=\"wpforms-field-label\" for=\"wpforms-707-field_0\">Nombre\/Apellido <span class=\"wpforms-required-label\">*<\/span><\/label><div class=\"wpforms-field-row wpforms-field-medium\"><div class=\"wpforms-field-row-block wpforms-first wpforms-one-half\"><input type=\"text\" id=\"wpforms-707-field_0\" class=\"wpforms-field-name-first wpforms-field-required\" name=\"wpforms[fields][0][first]\" required><label for=\"wpforms-707-field_0\" class=\"wpforms-field-sublabel after\">N\u00famero<\/label><\/div><div class=\"wpforms-field-row-block wpforms-one-half\"><input type=\"text\" id=\"wpforms-707-field_0-last\" class=\"wpforms-field-name-last wpforms-field-required\" name=\"wpforms[fields][0][last]\" required><label for=\"wpforms-707-field_0-last\" class=\"wpforms-field-sublabel after\">Apellidos<\/label><\/div><\/div><\/div><div id=\"wpforms-707-field_1-container\" class=\"wpforms-field wpforms-field-email\" data-field-id=\"1\"><label class=\"wpforms-field-label\" for=\"wpforms-707-field_1\">Correo electr\u00f3nico <span class=\"wpforms-required-label\">*<\/span><\/label><input type=\"email\" id=\"wpforms-707-field_1\" class=\"wpforms-field-medium wpforms-field-required\" name=\"wpforms[fields][1]\" spellcheck=\"false\" required><\/div><div id=\"wpforms-707-field_5-container\" class=\"wpforms-field wpforms-field-textarea\" data-field-id=\"5\"><label class=\"wpforms-field-label\" for=\"wpforms-707-field_5\">Objeto <span class=\"wpforms-required-label\">*<\/span><\/label><textarea id=\"wpforms-707-field_5\" class=\"wpforms-field-small wpforms-field-required wpforms-limit-words-enabled\" data-form-id=\"707\" data-field-id=\"5\" data-text-limit=\"10\" name=\"wpforms[fields][5]\" required><\/textarea><\/div><div id=\"wpforms-707-field_2-container\" class=\"wpforms-field wpforms-field-textarea\" data-field-id=\"2\"><label class=\"wpforms-field-label\" for=\"wpforms-707-field_2\">Mensaje <span class=\"wpforms-required-label\">*<\/span><\/label><textarea id=\"wpforms-707-field_2\" class=\"wpforms-field-large wpforms-field-required wpforms-limit-words-enabled\" data-form-id=\"707\" data-field-id=\"2\" data-text-limit=\"300\" name=\"wpforms[fields][2]\" required><\/textarea><\/div><\/div><!-- .wpforms-field-container --><div class=\"wpforms-submit-container\" ><input type=\"hidden\" name=\"wpforms[id]\" value=\"707\"><input type=\"hidden\" name=\"page_title\" value=\"\"><input type=\"hidden\" name=\"page_url\" value=\"https:\/\/cryptogamingarea.com\/es\/wp-json\/wp\/v2\/pages\/360\"><button type=\"submit\" name=\"wpforms[submit]\" id=\"wpforms-submit-707\" class=\"wpforms-submit\" data-alt-text=\"Envoi en cours...\" data-submit-text=\"Envoyer\" aria-live=\"assertive\" value=\"wpforms-submit\">Enviar<\/button><img decoding=\"async\" src=\"https:\/\/cryptogamingarea.com\/wp-content\/plugins\/wpforms-lite\/assets\/images\/submit-spin.svg\" class=\"wpforms-submit-spinner\" style=\"display: none;\" width=\"26\" height=\"26\" alt=\"Cargando\"><\/div><input type=\"hidden\" name=\"trp-form-language\" value=\"es\"\/><\/form><\/div>  <!-- .wpforms-container -->\n\n\n<div style=\"height:40px\" aria-hidden=\"true\" class=\"wp-block-spacer\"><\/div>\n\n\n\n<h2 class=\"wp-block-heading\" id=\"partenariats\">Asociaciones<\/h2>\n\n\n\n<p>Se tendr\u00e1n en cuenta todas las solicitudes de asociaci\u00f3n. Sin embargo, si los proyectos no se corresponden con nuestros valores, o si consideramos que el proyecto tiene poco inter\u00e9s para nuestros lectores, nos reservamos el derecho de rechazar dichas propuestas.<br>En cualquier caso, danos todos los detalles posibles sobre tu proyecto para que podamos conocerlo mejor. <\/p>\n\n\n\n<h2 class=\"wp-block-heading\" id=\"recherche-redacteurs-benevoles\">B\u00fasqueda de escritores voluntarios<\/h2>\n\n\n\n<p>\u00bfLe gusta escribir? \u00bfTe apasionan los videojuegos y en particular <strong>el mundo de Play-to-Earn, metaverse y NFTs<\/strong> ? <br>Entonces env\u00edenos su solicitud para convertirse en <strong>editor de videojuegos crypto.<\/strong> \u00a1! Buscamos principalmente escritores que puedan escribir gu\u00edas y consejos de juego sobre los siguientes Play to Earn: <\/p>\n\n\n\n<ul><li>Axie Infinity,<\/li><li>Thetan Arena,<\/li><li>Gods Unchained,<\/li><li>Si juegas a otros P2E, por favor, h\u00e1znoslo saber. <\/li><\/ul>\n\n\n\n<p>Se tendr\u00e1n en cuenta todas las solicitudes \ud83d\ude09 .<\/p>","protected":false},"excerpt":{"rendered":"<p>Si quieres ponerte en contacto con el equipo de CGA para... presentarnos tu proyecto de videojuego, \ud83d\udd79 desarrollar una colaboraci\u00f3n con nosotros, \ud83e\udd1d encontrar un trabajo de escritor en criptovideojuegos, \ud83d\udd8a decirnos que te gusta lo que lees de nosotros (o no \ud83d\ude05 ), \ud83d\udc9c tomar algo con el equipo \ud83d\ude1c [...]<\/p>","protected":false},"author":4,"featured_media":0,"parent":0,"menu_order":0,"comment_status":"closed","ping_status":"closed","template":"","meta":{"footnotes":""},"yoast_head":"<!-- This site is optimized with the Yoast SEO plugin v24.5 - https:\/\/yoast.com\/wordpress\/plugins\/seo\/ -->\n<title>Contacter l&#039;\u00e9quipe CryptoGamingArea<\/title>\n<meta name=\"description\" content=\"Contactez l&#039;\u00e9quipe Crypto Gaming Area. Formulaire de contact \u00e0 votre disposition pour demandes de partenariats commerciaux, candidatures, etc.\" \/>\n<meta name=\"robots\" content=\"index, follow, max-snippet:-1, max-image-preview:large, max-video-preview:-1\" \/>\n<link rel=\"canonical\" href=\"https:\/\/cryptogamingarea.com\/es\/contacto\/\" \/>\n<meta property=\"og:locale\" content=\"es_ES\" \/>\n<meta property=\"og:type\" content=\"article\" \/>\n<meta property=\"og:title\" content=\"Contacter l&#039;\u00e9quipe CryptoGamingArea\" \/>\n<meta property=\"og:description\" content=\"Contactez l&#039;\u00e9quipe Crypto Gaming Area. Formulaire de contact \u00e0 votre disposition pour demandes de partenariats commerciaux, candidatures, etc.\" \/>\n<meta property=\"og:url\" content=\"https:\/\/cryptogamingarea.com\/es\/contacto\/\" \/>\n<meta property=\"og:site_name\" content=\"CryptoGamingArea\" \/>\n<meta property=\"article:publisher\" content=\"https:\/\/www.facebook.com\/gaming\/CryptoGamingArea\" \/>\n<meta property=\"article:modified_time\" content=\"2022-03-04T14:20:27+00:00\" \/>\n<meta name=\"twitter:card\" content=\"summary_large_image\" \/>\n<meta name=\"twitter:site\" content=\"@CryptoGamingCGA\" \/>\n<script type=\"application\/ld+json\" class=\"yoast-schema-graph\">{\"@context\":\"https:\/\/schema.org\",\"@graph\":[{\"@type\":\"WebPage\",\"@id\":\"https:\/\/cryptogamingarea.com\/contact\/\",\"url\":\"https:\/\/cryptogamingarea.com\/contact\/\",\"name\":\"Contacter l'\u00e9quipe CryptoGamingArea\",\"isPartOf\":{\"@id\":\"https:\/\/cryptogamingarea.com\/#website\"},\"datePublished\":\"2022-02-03T21:54:04+00:00\",\"dateModified\":\"2022-03-04T14:20:27+00:00\",\"description\":\"Contactez l'\u00e9quipe Crypto Gaming Area. Formulaire de contact \u00e0 votre disposition pour demandes de partenariats commerciaux, candidatures, etc.\",\"breadcrumb\":{\"@id\":\"https:\/\/cryptogamingarea.com\/contact\/#breadcrumb\"},\"inLanguage\":\"es\",\"potentialAction\":[{\"@type\":\"ReadAction\",\"target\":[\"https:\/\/cryptogamingarea.com\/contact\/\"]}]},{\"@type\":\"BreadcrumbList\",\"@id\":\"https:\/\/cryptogamingarea.com\/contact\/#breadcrumb\",\"itemListElement\":[{\"@type\":\"ListItem\",\"position\":1,\"name\":\"HOME\",\"item\":\"https:\/\/cryptogamingarea.com\/\"},{\"@type\":\"ListItem\",\"position\":2,\"name\":\"Nous Contacter\"}]},{\"@type\":\"WebSite\",\"@id\":\"https:\/\/cryptogamingarea.com\/#website\",\"url\":\"https:\/\/cryptogamingarea.com\/\",\"name\":\"CryptoGamingArea\",\"description\":\"Le site de r\u00e9f\u00e9rence Play to Earn, Jeux Vid\u00e9o Blockchain, Metaverse et NFTs.\",\"publisher\":{\"@id\":\"https:\/\/cryptogamingarea.com\/#organization\"},\"potentialAction\":[{\"@type\":\"SearchAction\",\"target\":{\"@type\":\"EntryPoint\",\"urlTemplate\":\"https:\/\/cryptogamingarea.com\/?s={search_term_string}\"},\"query-input\":{\"@type\":\"PropertyValueSpecification\",\"valueRequired\":true,\"valueName\":\"search_term_string\"}}],\"inLanguage\":\"es\"},{\"@type\":\"Organization\",\"@id\":\"https:\/\/cryptogamingarea.com\/#organization\",\"name\":\"Crypto Gaming Area\",\"url\":\"https:\/\/cryptogamingarea.com\/\",\"logo\":{\"@type\":\"ImageObject\",\"inLanguage\":\"es\",\"@id\":\"https:\/\/cryptogamingarea.com\/#\/schema\/logo\/image\/\",\"url\":\"https:\/\/cryptogamingarea.com\/wp-content\/uploads\/2022\/01\/cropped-logo-cga-blanc.png\",\"contentUrl\":\"https:\/\/cryptogamingarea.com\/wp-content\/uploads\/2022\/01\/cropped-logo-cga-blanc.png\",\"width\":512,\"height\":512,\"caption\":\"Crypto Gaming Area\"},\"image\":{\"@id\":\"https:\/\/cryptogamingarea.com\/#\/schema\/logo\/image\/\"},\"sameAs\":[\"https:\/\/www.facebook.com\/gaming\/CryptoGamingArea\",\"https:\/\/x.com\/CryptoGamingCGA\"]}]}<\/script>\n<!-- \/ Yoast SEO plugin. -->","yoast_head_json":{"title":"Contacter l'\u00e9quipe CryptoGamingArea","description":"Contactez l'\u00e9quipe Crypto Gaming Area. Formulaire de contact \u00e0 votre disposition pour demandes de partenariats commerciaux, candidatures, etc.","robots":{"index":"index","follow":"follow","max-snippet":"max-snippet:-1","max-image-preview":"max-image-preview:large","max-video-preview":"max-video-preview:-1"},"canonical":"https:\/\/cryptogamingarea.com\/es\/contacto\/","og_locale":"es_ES","og_type":"article","og_title":"Contacter l'\u00e9quipe CryptoGamingArea","og_description":"Contactez l'\u00e9quipe Crypto Gaming Area. Formulaire de contact \u00e0 votre disposition pour demandes de partenariats commerciaux, candidatures, etc.","og_url":"https:\/\/cryptogamingarea.com\/es\/contacto\/","og_site_name":"CryptoGamingArea","article_publisher":"https:\/\/www.facebook.com\/gaming\/CryptoGamingArea","article_modified_time":"2022-03-04T14:20:27+00:00","twitter_card":"summary_large_image","twitter_site":"@CryptoGamingCGA","schema":{"@context":"https:\/\/schema.org","@graph":[{"@type":"WebPage","@id":"https:\/\/cryptogamingarea.com\/contact\/","url":"https:\/\/cryptogamingarea.com\/contact\/","name":"Contacter l'\u00e9quipe CryptoGamingArea","isPartOf":{"@id":"https:\/\/cryptogamingarea.com\/#website"},"datePublished":"2022-02-03T21:54:04+00:00","dateModified":"2022-03-04T14:20:27+00:00","description":"Contactez l'\u00e9quipe Crypto Gaming Area. Formulaire de contact \u00e0 votre disposition pour demandes de partenariats commerciaux, candidatures, etc.","breadcrumb":{"@id":"https:\/\/cryptogamingarea.com\/contact\/#breadcrumb"},"inLanguage":"es","potentialAction":[{"@type":"ReadAction","target":["https:\/\/cryptogamingarea.com\/contact\/"]}]},{"@type":"BreadcrumbList","@id":"https:\/\/cryptogamingarea.com\/contact\/#breadcrumb","itemListElement":[{"@type":"ListItem","position":1,"name":"HOME","item":"https:\/\/cryptogamingarea.com\/"},{"@type":"ListItem","position":2,"name":"Nous Contacter"}]},{"@type":"WebSite","@id":"https:\/\/cryptogamingarea.com\/#website","url":"https:\/\/cryptogamingarea.com\/","name":"CryptoGamingArea","description":"Le site de r\u00e9f\u00e9rence Play to Earn, Jeux Vid\u00e9o Blockchain, Metaverse et NFTs.","publisher":{"@id":"https:\/\/cryptogamingarea.com\/#organization"},"potentialAction":[{"@type":"SearchAction","target":{"@type":"EntryPoint","urlTemplate":"https:\/\/cryptogamingarea.com\/?s={search_term_string}"},"query-input":{"@type":"PropertyValueSpecification","valueRequired":true,"valueName":"search_term_string"}}],"inLanguage":"es"},{"@type":"Organization","@id":"https:\/\/cryptogamingarea.com\/#organization","name":"Crypto Gaming Area","url":"https:\/\/cryptogamingarea.com\/","logo":{"@type":"ImageObject","inLanguage":"es","@id":"https:\/\/cryptogamingarea.com\/#\/schema\/logo\/image\/","url":"https:\/\/cryptogamingarea.com\/wp-content\/uploads\/2022\/01\/cropped-logo-cga-blanc.png","contentUrl":"https:\/\/cryptogamingarea.com\/wp-content\/uploads\/2022\/01\/cropped-logo-cga-blanc.png","width":512,"height":512,"caption":"Crypto Gaming Area"},"image":{"@id":"https:\/\/cryptogamingarea.com\/#\/schema\/logo\/image\/"},"sameAs":["https:\/\/www.facebook.com\/gaming\/CryptoGamingArea","https:\/\/x.com\/CryptoGamingCGA"]}]}},"_links":{"self":[{"href":"https:\/\/cryptogamingarea.com\/es\/wp-json\/wp\/v2\/pages\/360"}],"collection":[{"href":"https:\/\/cryptogamingarea.com\/es\/wp-json\/wp\/v2\/pages"}],"about":[{"href":"https:\/\/cryptogamingarea.com\/es\/wp-json\/wp\/v2\/types\/page"}],"author":[{"embeddable":true,"href":"https:\/\/cryptogamingarea.com\/es\/wp-json\/wp\/v2\/users\/4"}],"replies":[{"embeddable":true,"href":"https:\/\/cryptogamingarea.com\/es\/wp-json\/wp\/v2\/comments?post=360"}],"version-history":[{"count":9,"href":"https:\/\/cryptogamingarea.com\/es\/wp-json\/wp\/v2\/pages\/360\/revisions"}],"predecessor-version":[{"id":1048,"href":"https:\/\/cryptogamingarea.com\/es\/wp-json\/wp\/v2\/pages\/360\/revisions\/1048"}],"wp:attachment":[{"href":"https:\/\/cryptogamingarea.com\/es\/wp-json\/wp\/v2\/media?parent=360"}],"curies":[{"name":"wp","href":"https:\/\/api.w.org\/{rel}","templated":true}]}}